{"id":2,"date":"2021-04-22T14:45:45","date_gmt":"2021-04-22T14:45:45","guid":{"rendered":"https:\/\/yvonne.fi\/landing\/?page_id=2"},"modified":"2025-12-03T20:05:58","modified_gmt":"2025-12-03T20:05:58","slug":"sample-page","status":"publish","type":"page","link":"https:\/\/yvonne.fi\/landing\/","title":{"rendered":""},"content":{"rendered":"\n<div class=\"wp-block-columns is-layout-flex wp-container-2\">\n<div class=\"wp-block-column is-layout-flow\"><div class=\"wp-block-image is-style-rounded\">\n<figure class=\"aligncenter size-large is-resized\"><img decoding=\"async\" loading=\"lazy\" src=\"https:\/\/yvonne.fi\/landing\/wp-content\/uploads\/2023\/02\/1-Portrett--681x1024.jpg\" alt=\"\" class=\"wp-image-71\" width=\"223\" height=\"335\" srcset=\"https:\/\/yvonne.fi\/landing\/wp-content\/uploads\/2023\/02\/1-Portrett--681x1024.jpg 681w, https:\/\/yvonne.fi\/landing\/wp-content\/uploads\/2023\/02\/1-Portrett--199x300.jpg 199w, https:\/\/yvonne.fi\/landing\/wp-content\/uploads\/2023\/02\/1-Portrett--768x1155.jpg 768w, https:\/\/yvonne.fi\/landing\/wp-content\/uploads\/2023\/02\/1-Portrett--1021x1536.jpg 1021w, https:\/\/yvonne.fi\/landing\/wp-content\/uploads\/2023\/02\/1-Portrett--1362x2048.jpg 1362w, https:\/\/yvonne.fi\/landing\/wp-content\/uploads\/2023\/02\/1-Portrett--40x60.jpg 40w, https:\/\/yvonne.fi\/landing\/wp-content\/uploads\/2023\/02\/1-Portrett--scaled.jpg 1702w\" sizes=\"(max-width: 223px) 100vw, 223px\" \/><\/figure><\/div><\/div>\n<\/div>\n\n\n\n<p><\/p>\n\n\n\n<blockquote class=\"wp-block-quote\">\n<p>Palveluihini kuuluvat sek\u00e4 kotihoito ett\u00e4 erilaiset hyvinvointipalvelut. Alla olevista linkeist\u00e4 p\u00e4\u00e4set palveluiden omille sivuille.<\/p>\n\n\n\n<p><\/p>\n\n\n\n<p>Till mina tj\u00e4nster h\u00f6r b\u00e5de hemv\u00e5rd och v\u00e4lm\u00e5endetj\u00e4nster. Du kommer till tj\u00e4nsternas egna sidor ifr\u00e5n l\u00e4nkarna nedan.<\/p>\n<\/blockquote>\n\n\n\n<p><\/p>\n\n\n\n<ul class=\"wp-block-social-links is-style-pill-shape is-content-justification-center is-layout-flex wp-container-3\"><li class=\"wp-social-link wp-social-link-whatsapp wp-block-social-link\"><a href=\"https:\/\/api.whatsapp.com\/send?phone=358504100500\" class=\"wp-block-social-link-anchor\"><svg width=\"24\" height=\"24\" viewBox=\"0 0 24 24\" version=\"1.1\" xmlns=\"http:\/\/www.w3.org\/2000\/svg\" aria-hidden=\"true\" focusable=\"false\"><path d=\"M 12.011719 2 C 6.5057187 2 2.0234844 6.478375 2.0214844 11.984375 C 2.0204844 13.744375 2.4814687 15.462563 3.3554688 16.976562 L 2 22 L 7.2324219 20.763672 C 8.6914219 21.559672 10.333859 21.977516 12.005859 21.978516 L 12.009766 21.978516 C 17.514766 21.978516 21.995047 17.499141 21.998047 11.994141 C 22.000047 9.3251406 20.962172 6.8157344 19.076172 4.9277344 C 17.190172 3.0407344 14.683719 2.001 12.011719 2 z M 12.009766 4 C 14.145766 4.001 16.153109 4.8337969 17.662109 6.3417969 C 19.171109 7.8517969 20.000047 9.8581875 19.998047 11.992188 C 19.996047 16.396187 16.413812 19.978516 12.007812 19.978516 C 10.674812 19.977516 9.3544062 19.642812 8.1914062 19.007812 L 7.5175781 18.640625 L 6.7734375 18.816406 L 4.8046875 19.28125 L 5.2851562 17.496094 L 5.5019531 16.695312 L 5.0878906 15.976562 C 4.3898906 14.768562 4.0204844 13.387375 4.0214844 11.984375 C 4.0234844 7.582375 7.6067656 4 12.009766 4 z M 8.4765625 7.375 C 8.3095625 7.375 8.0395469 7.4375 7.8105469 7.6875 C 7.5815469 7.9365 6.9355469 8.5395781 6.9355469 9.7675781 C 6.9355469 10.995578 7.8300781 12.182609 7.9550781 12.349609 C 8.0790781 12.515609 9.68175 15.115234 12.21875 16.115234 C 14.32675 16.946234 14.754891 16.782234 15.212891 16.740234 C 15.670891 16.699234 16.690438 16.137687 16.898438 15.554688 C 17.106437 14.971687 17.106922 14.470187 17.044922 14.367188 C 16.982922 14.263188 16.816406 14.201172 16.566406 14.076172 C 16.317406 13.951172 15.090328 13.348625 14.861328 13.265625 C 14.632328 13.182625 14.464828 13.140625 14.298828 13.390625 C 14.132828 13.640625 13.655766 14.201187 13.509766 14.367188 C 13.363766 14.534188 13.21875 14.556641 12.96875 14.431641 C 12.71875 14.305641 11.914938 14.041406 10.960938 13.191406 C 10.218937 12.530406 9.7182656 11.714844 9.5722656 11.464844 C 9.4272656 11.215844 9.5585938 11.079078 9.6835938 10.955078 C 9.7955938 10.843078 9.9316406 10.663578 10.056641 10.517578 C 10.180641 10.371578 10.223641 10.267562 10.306641 10.101562 C 10.389641 9.9355625 10.347156 9.7890625 10.285156 9.6640625 C 10.223156 9.5390625 9.737625 8.3065 9.515625 7.8125 C 9.328625 7.3975 9.131125 7.3878594 8.953125 7.3808594 C 8.808125 7.3748594 8.6425625 7.375 8.4765625 7.375 z\"><\/path><\/svg><span class=\"wp-block-social-link-label screen-reader-text\">WhatsApp<\/span><\/a><\/li><\/ul>\n\n\n\n<div class=\"wp-block-columns is-layout-flex wp-container-6\">\n<div class=\"wp-block-column is-layout-flow\">\n<div class=\"wp-block-cover\"><span aria-hidden=\"true\" class=\"wp-block-cover__background has-light-green-cyan-background-color has-background-dim-20 has-background-dim\"><\/span><img decoding=\"async\" loading=\"lazy\" width=\"1063\" height=\"1600\" class=\"wp-block-cover__image-background wp-image-8\" alt=\"\" src=\"https:\/\/yvonne.fi\/landing\/wp-content\/uploads\/2023\/01\/d64b4be7-8df8-44b4-8fde-dba4a040ccb4.jpg\" style=\"object-position:44% 22%\" data-object-fit=\"cover\" data-object-position=\"44% 22%\" srcset=\"https:\/\/yvonne.fi\/landing\/wp-content\/uploads\/2023\/01\/d64b4be7-8df8-44b4-8fde-dba4a040ccb4.jpg 1063w, https:\/\/yvonne.fi\/landing\/wp-content\/uploads\/2023\/01\/d64b4be7-8df8-44b4-8fde-dba4a040ccb4-199x300.jpg 199w, https:\/\/yvonne.fi\/landing\/wp-content\/uploads\/2023\/01\/d64b4be7-8df8-44b4-8fde-dba4a040ccb4-680x1024.jpg 680w, https:\/\/yvonne.fi\/landing\/wp-content\/uploads\/2023\/01\/d64b4be7-8df8-44b4-8fde-dba4a040ccb4-768x1156.jpg 768w, https:\/\/yvonne.fi\/landing\/wp-content\/uploads\/2023\/01\/d64b4be7-8df8-44b4-8fde-dba4a040ccb4-1020x1536.jpg 1020w, https:\/\/yvonne.fi\/landing\/wp-content\/uploads\/2023\/01\/d64b4be7-8df8-44b4-8fde-dba4a040ccb4-40x60.jpg 40w\" sizes=\"(max-width: 1063px) 100vw, 1063px\" \/><div class=\"wp-block-cover__inner-container\">\n<p><\/p>\n\n\n\n<p class=\"has-text-align-left has-large-font-size\"><a href=\"http:\/\/lahimmaislomitus.fi\">Kotihoito<\/a><\/p>\n\n\n\n<div style=\"height:138px\" aria-hidden=\"true\" class=\"wp-block-spacer\"><\/div>\n\n\n\n<figure class=\"wp-block-image size-full\"><img decoding=\"async\" loading=\"lazy\" width=\"718\" height=\"672\" src=\"https:\/\/yvonne.fi\/landing\/wp-content\/uploads\/2025\/08\/ATHOYAB_vit.png\" alt=\"\" class=\"wp-image-84\" srcset=\"https:\/\/yvonne.fi\/landing\/wp-content\/uploads\/2025\/08\/ATHOYAB_vit.png 718w, https:\/\/yvonne.fi\/landing\/wp-content\/uploads\/2025\/08\/ATHOYAB_vit-300x281.png 300w, https:\/\/yvonne.fi\/landing\/wp-content\/uploads\/2025\/08\/ATHOYAB_vit-64x60.png 64w\" sizes=\"(max-width: 718px) 100vw, 718px\" \/><\/figure>\n<\/div><\/div>\n<\/div>\n\n\n\n<div class=\"wp-block-column is-layout-flow\">\n<div class=\"wp-block-cover\"><span aria-hidden=\"true\" class=\"wp-block-cover__background has-pale-cyan-blue-background-color has-background-dim-20 has-background-dim\"><\/span><img decoding=\"async\" loading=\"lazy\" width=\"1702\" height=\"2560\" class=\"wp-block-cover__image-background wp-image-69\" alt=\"\" src=\"https:\/\/yvonne.fi\/landing\/wp-content\/uploads\/2023\/02\/1-knalaser-narbild-lod-scaled.jpg\" style=\"object-position:0% 100%\" data-object-fit=\"cover\" data-object-position=\"0% 100%\" srcset=\"https:\/\/yvonne.fi\/landing\/wp-content\/uploads\/2023\/02\/1-knalaser-narbild-lod-scaled.jpg 1702w, https:\/\/yvonne.fi\/landing\/wp-content\/uploads\/2023\/02\/1-knalaser-narbild-lod-199x300.jpg 199w, https:\/\/yvonne.fi\/landing\/wp-content\/uploads\/2023\/02\/1-knalaser-narbild-lod-681x1024.jpg 681w, https:\/\/yvonne.fi\/landing\/wp-content\/uploads\/2023\/02\/1-knalaser-narbild-lod-768x1155.jpg 768w, https:\/\/yvonne.fi\/landing\/wp-content\/uploads\/2023\/02\/1-knalaser-narbild-lod-1021x1536.jpg 1021w, https:\/\/yvonne.fi\/landing\/wp-content\/uploads\/2023\/02\/1-knalaser-narbild-lod-1362x2048.jpg 1362w, https:\/\/yvonne.fi\/landing\/wp-content\/uploads\/2023\/02\/1-knalaser-narbild-lod-40x60.jpg 40w\" sizes=\"(max-width: 1702px) 100vw, 1702px\" \/><div class=\"wp-block-cover__inner-container\">\n<p><\/p>\n\n\n\n<p class=\"has-large-font-size\"><a href=\"http:\/\/Laserin.fi\">Hyvinvointipalvelut<\/a><\/p>\n\n\n\n<div style=\"height:201px\" aria-hidden=\"true\" class=\"wp-block-spacer\"><\/div>\n\n\n\n<figure class=\"wp-block-image size-large\"><img decoding=\"async\" loading=\"lazy\" width=\"1024\" height=\"415\" src=\"https:\/\/yvonne.fi\/landing\/wp-content\/uploads\/2025\/12\/1000133073-1024x415.png\" alt=\"\" class=\"wp-image-96\" srcset=\"https:\/\/yvonne.fi\/landing\/wp-content\/uploads\/2025\/12\/1000133073-1024x415.png 1024w, https:\/\/yvonne.fi\/landing\/wp-content\/uploads\/2025\/12\/1000133073-300x122.png 300w, https:\/\/yvonne.fi\/landing\/wp-content\/uploads\/2025\/12\/1000133073-768x312.png 768w, https:\/\/yvonne.fi\/landing\/wp-content\/uploads\/2025\/12\/1000133073-1536x623.png 1536w, https:\/\/yvonne.fi\/landing\/wp-content\/uploads\/2025\/12\/1000133073-148x60.png 148w, https:\/\/yvonne.fi\/landing\/wp-content\/uploads\/2025\/12\/1000133073.png 1989w\" sizes=\"(max-width: 1024px) 100vw, 1024px\" \/><\/figure>\n<\/div><\/div>\n\n\n\n<p><\/p>\n<\/div>\n<\/div>\n","protected":false},"excerpt":{"rendered":"<p>Palveluihini kuuluvat sek\u00e4 kotihoito ett\u00e4 erilaiset hyvinvointipalvelut. Alla olevista linkeist\u00e4 p\u00e4\u00e4set palveluiden omille sivuille. Till mina tj\u00e4nster h\u00f6r b\u00e5de hemv\u00e5rd och v\u00e4lm\u00e5endetj\u00e4nster. Du kommer till &hellip; <\/p>\n","protected":false},"author":1,"featured_media":0,"parent":0,"menu_order":0,"comment_status":"closed","ping_status":"open","template":"","meta":[],"_links":{"self":[{"href":"https:\/\/yvonne.fi\/landing\/index.php\/wp-json\/wp\/v2\/pages\/2"}],"collection":[{"href":"https:\/\/yvonne.fi\/landing\/index.php\/wp-json\/wp\/v2\/pages"}],"about":[{"href":"https:\/\/yvonne.fi\/landing\/index.php\/wp-json\/wp\/v2\/types\/page"}],"author":[{"embeddable":true,"href":"https:\/\/yvonne.fi\/landing\/index.php\/wp-json\/wp\/v2\/users\/1"}],"replies":[{"embeddable":true,"href":"https:\/\/yvonne.fi\/landing\/index.php\/wp-json\/wp\/v2\/comments?post=2"}],"version-history":[{"count":26,"href":"https:\/\/yvonne.fi\/landing\/index.php\/wp-json\/wp\/v2\/pages\/2\/revisions"}],"predecessor-version":[{"id":97,"href":"https:\/\/yvonne.fi\/landing\/index.php\/wp-json\/wp\/v2\/pages\/2\/revisions\/97"}],"wp:attachment":[{"href":"https:\/\/yvonne.fi\/landing\/index.php\/wp-json\/wp\/v2\/media?parent=2"}],"curies":[{"name":"wp","href":"https:\/\/api.w.org\/{rel}","templated":true}]}}